{"id":3941,"date":"2025-06-23T17:00:49","date_gmt":"2025-06-23T15:00:49","guid":{"rendered":"https:\/\/steuerteam.de\/?page_id=3941"},"modified":"2025-06-23T17:22:41","modified_gmt":"2025-06-23T15:22:41","slug":"barrierefreiheit","status":"publish","type":"page","link":"https:\/\/steuerteam.de\/en\/barrierefreiheit","title":{"rendered":"Barrierefreiheitserkl\u00e4rung"},"content":{"rendered":"\t\t<div data-elementor-type=\"wp-page\" data-elementor-id=\"3941\" class=\"elementor elementor-3941\" data-elementor-post-type=\"page\">\n\t\t\t\t\t\t<section class=\"elementor-section elementor-top-section elementor-element elementor-element-ff4edce elementor-section-boxed elementor-section-height-default elementor-section-height-default\" data-id=\"ff4edce\" data-element_type=\"section\" data-e-type=\"section\">\n\t\t\t\t\t\t<div class=\"elementor-container elementor-column-gap-default\">\n\t\t\t\t\t<div class=\"elementor-column elementor-col-100 elementor-top-column elementor-element elementor-element-05afe31\" data-id=\"05afe31\" data-element_type=\"column\" data-e-type=\"column\">\n\t\t\t<div class=\"elementor-widget-wrap\">\n\t\t\t\t\t\t\t<\/div>\n\t\t<\/div>\n\t\t\t\t\t<\/div>\n\t\t<\/section>\n\t\t\t\t<section class=\"elementor-section elementor-top-section elementor-element elementor-element-6af6f1d elementor-section-boxed elementor-section-height-default elementor-section-height-default\" data-id=\"6af6f1d\" data-element_type=\"section\" data-e-type=\"section\">\n\t\t\t\t\t\t<div class=\"elementor-container elementor-column-gap-default\">\n\t\t\t\t\t<div class=\"elementor-column elementor-col-100 elementor-top-column elementor-element elementor-element-fdc2002\" data-id=\"fdc2002\" data-element_type=\"column\" data-e-type=\"column\">\n\t\t\t<div class=\"elementor-widget-wrap elementor-element-populated\">\n\t\t\t\t\t\t<div class=\"elementor-element elementor-element-98b781b elementor-widget elementor-widget-text-editor\" data-id=\"98b781b\" data-element_type=\"widget\" data-e-type=\"widget\" data-widget_type=\"text-editor.default\">\n\t\t\t\t<div class=\"elementor-widget-container\">\n\t\t\t\t\t\t\t\t\t<h1>Erkl\u00e4rung zur Barrierefreiheit<\/h1><p>Die <span class=\"cf0\">Steuerteam Landsberg-M\u00fcnchen GmbH &#8211; Steuerberatungsgesellschaft<\/span> hat ihre Website https:\/\/steuerteam.de\/ im Einklang mit den Anforderungen der Barrierefreie-Informationstechnik-Verordnung (BITV 2.0) sowie den internationalen Web Content Accessibility Guidelines (WCAG) 2.1, Konformit\u00e4tsstufe AA, barrierefrei gestaltet.<\/p><h3>Stand der Barrierefreiheit<\/h3><ul><li>Diese Website ist <strong>weitgehend barrierefrei<\/strong>.<\/li><li>Die Anforderungen der BITV 2.0 werden <strong>weitgehend erf\u00fcllt<\/strong>.<\/li><li>Die Zug\u00e4nglichkeit wurde mit g\u00e4ngigen Tools sowie durch manuelle Tests \u00fcberpr\u00fcft.<\/li><\/ul><h3>Ausnahmen &amp; m\u00f6gliche Einschr\u00e4nkungen<\/h3><ul><li>Einzelne, vorwiegend \u00e4ltere PDF-Dokumente sind noch nicht vollst\u00e4ndig barrierefrei.<\/li><li>\u00c4ltere Inhalte aus Archiven sind ggf. nur eingeschr\u00e4nkt zug\u00e4nglich.<\/li><\/ul><p>Wir arbeiten kontinuierlich daran, auch diese Inhalte zu verbessern.<\/p><h3>Feedback und Kontakt<\/h3><p>Wenn Sie auf Barrieren sto\u00dfen oder Hinweise zur Verbesserung der Barrierefreiheit haben, freuen wir uns \u00fcber Ihre R\u00fcckmeldung:<\/p><p><strong>info@steuerteam.de<\/strong><br \/><strong>Telefon: +49 (0) 81 91\/91 70-0<\/strong><\/p><p>Wir beantworten Ihre Anfrage in der Regel innerhalb von wenigen Wertagen.<\/p><p>\u00a0<\/p><p>\u00a0<\/p>\t\t\t\t\t\t\t\t<\/div>\n\t\t\t\t<\/div>\n\t\t\t\t\t<\/div>\n\t\t<\/div>\n\t\t\t\t\t<\/div>\n\t\t<\/section>\n\t\t\t\t<\/div>\n\t\t","protected":false},"excerpt":{"rendered":"<p>Erkl\u00e4rung zur Barrierefreiheit Die Steuerteam Landsberg-M\u00fcnchen GmbH &#8211; Steuerberatungsgesellschaft hat ihre Website https:\/\/steuerteam.de\/ im Einklang mit den Anforderungen der Barrierefreie-Informationstechnik-Verordnung (BITV 2.0) sowie den internationalen Web Content Accessibility Guidelines (WCAG) 2.1, Konformit\u00e4tsstufe AA, barrierefrei gestaltet. Stand der Barrierefreiheit Diese Website ist weitgehend barrierefrei. Die Anforderungen der BITV 2.0 werden weitgehend erf\u00fcllt. Die Zug\u00e4nglichkeit wurde mit [&hellip;]<\/p>\n","protected":false},"author":3,"featured_media":0,"parent":0,"menu_order":0,"comment_status":"closed","ping_status":"closed","template":"elementor_header_footer","meta":{"footnotes":""},"class_list":["post-3941","page","type-page","status-publish","hentry"],"yoast_head":"<!-- This site is optimized with the Yoast SEO plugin v27.4 - https:\/\/yoast.com\/product\/yoast-seo-wordpress\/ -->\n<title>Barrierefreiheitserkl\u00e4rung - Steuerteam<\/title>\n<meta name=\"robots\" content=\"noindex, follow\" \/>\n<meta property=\"og:locale\" content=\"en_US\" \/>\n<meta property=\"og:type\" content=\"article\" \/>\n<meta property=\"og:title\" content=\"Barrierefreiheitserkl\u00e4rung - Steuerteam\" \/>\n<meta property=\"og:description\" content=\"Erkl\u00e4rung zur Barrierefreiheit Die Steuerteam Landsberg-M\u00fcnchen GmbH &#8211; Steuerberatungsgesellschaft hat ihre Website https:\/\/steuerteam.de\/ im Einklang mit den Anforderungen der Barrierefreie-Informationstechnik-Verordnung (BITV 2.0) sowie den internationalen Web Content Accessibility Guidelines (WCAG) 2.1, Konformit\u00e4tsstufe AA, barrierefrei gestaltet. Stand der Barrierefreiheit Diese Website ist weitgehend barrierefrei. Die Anforderungen der BITV 2.0 werden weitgehend erf\u00fcllt. Die Zug\u00e4nglichkeit wurde mit [&hellip;]\" \/>\n<meta property=\"og:url\" content=\"https:\/\/steuerteam.de\/en\/barrierefreiheit\" \/>\n<meta property=\"og:site_name\" content=\"Steuerteam\" \/>\n<meta property=\"article:modified_time\" content=\"2025-06-23T15:22:41+00:00\" \/>\n<meta name=\"twitter:card\" content=\"summary_large_image\" \/>\n<meta name=\"twitter:label1\" content=\"Est. reading time\" \/>\n\t<meta name=\"twitter:data1\" content=\"1 minute\" \/>\n<script type=\"application\/ld+json\" class=\"yoast-schema-graph\">{\"@context\":\"https:\\\/\\\/schema.org\",\"@graph\":[{\"@type\":\"WebPage\",\"@id\":\"https:\\\/\\\/steuerteam.de\\\/en\\\/barrierefreiheit\",\"url\":\"https:\\\/\\\/steuerteam.de\\\/en\\\/barrierefreiheit\",\"name\":\"Barrierefreiheitserkl\u00e4rung - Steuerteam\",\"isPartOf\":{\"@id\":\"https:\\\/\\\/steuerteam.de\\\/en#website\"},\"datePublished\":\"2025-06-23T15:00:49+00:00\",\"dateModified\":\"2025-06-23T15:22:41+00:00\",\"breadcrumb\":{\"@id\":\"https:\\\/\\\/steuerteam.de\\\/en\\\/barrierefreiheit#breadcrumb\"},\"inLanguage\":\"en-US\",\"potentialAction\":[{\"@type\":\"ReadAction\",\"target\":[\"https:\\\/\\\/steuerteam.de\\\/en\\\/barrierefreiheit\"]}]},{\"@type\":\"BreadcrumbList\",\"@id\":\"https:\\\/\\\/steuerteam.de\\\/en\\\/barrierefreiheit#breadcrumb\",\"itemListElement\":[{\"@type\":\"ListItem\",\"position\":1,\"name\":\"Startseite\",\"item\":\"https:\\\/\\\/steuerteam.de\\\/en\"},{\"@type\":\"ListItem\",\"position\":2,\"name\":\"Barrierefreiheitserkl\u00e4rung\"}]},{\"@type\":\"WebSite\",\"@id\":\"https:\\\/\\\/steuerteam.de\\\/en#website\",\"url\":\"https:\\\/\\\/steuerteam.de\\\/en\",\"name\":\"Steuerteam\",\"description\":\"Steuerteam.de puts clients at the centre. We offer all classic tax advisor services (also digital) and cover other special areas. \",\"publisher\":{\"@id\":\"https:\\\/\\\/steuerteam.de\\\/en#organization\"},\"potentialAction\":[{\"@type\":\"SearchAction\",\"target\":{\"@type\":\"EntryPoint\",\"urlTemplate\":\"https:\\\/\\\/steuerteam.de\\\/en?s={search_term_string}\"},\"query-input\":{\"@type\":\"PropertyValueSpecification\",\"valueRequired\":true,\"valueName\":\"search_term_string\"}}],\"inLanguage\":\"en-US\"},{\"@type\":\"Organization\",\"@id\":\"https:\\\/\\\/steuerteam.de\\\/en#organization\",\"name\":\"Steuerteam Landsberg M\u00fcnchen\",\"url\":\"https:\\\/\\\/steuerteam.de\\\/en\",\"logo\":{\"@type\":\"ImageObject\",\"inLanguage\":\"en-US\",\"@id\":\"https:\\\/\\\/steuerteam.de\\\/en#\\\/schema\\\/logo\\\/image\\\/\",\"url\":\"https:\\\/\\\/steuerteam.de\\\/wp-content\\\/uploads\\\/2022\\\/04\\\/Steuerteam_Logo_Original-1.png\",\"contentUrl\":\"https:\\\/\\\/steuerteam.de\\\/wp-content\\\/uploads\\\/2022\\\/04\\\/Steuerteam_Logo_Original-1.png\",\"width\":400,\"height\":234,\"caption\":\"Steuerteam Landsberg M\u00fcnchen\"},\"image\":{\"@id\":\"https:\\\/\\\/steuerteam.de\\\/en#\\\/schema\\\/logo\\\/image\\\/\"}}]}<\/script>\n<!-- \/ Yoast SEO plugin. -->","yoast_head_json":{"title":"Barrierefreiheitserkl\u00e4rung - Steuerteam","robots":{"index":"noindex","follow":"follow"},"og_locale":"en_US","og_type":"article","og_title":"Barrierefreiheitserkl\u00e4rung - Steuerteam","og_description":"Erkl\u00e4rung zur Barrierefreiheit Die Steuerteam Landsberg-M\u00fcnchen GmbH &#8211; Steuerberatungsgesellschaft hat ihre Website https:\/\/steuerteam.de\/ im Einklang mit den Anforderungen der Barrierefreie-Informationstechnik-Verordnung (BITV 2.0) sowie den internationalen Web Content Accessibility Guidelines (WCAG) 2.1, Konformit\u00e4tsstufe AA, barrierefrei gestaltet. Stand der Barrierefreiheit Diese Website ist weitgehend barrierefrei. Die Anforderungen der BITV 2.0 werden weitgehend erf\u00fcllt. Die Zug\u00e4nglichkeit wurde mit [&hellip;]","og_url":"https:\/\/steuerteam.de\/en\/barrierefreiheit","og_site_name":"Steuerteam","article_modified_time":"2025-06-23T15:22:41+00:00","twitter_card":"summary_large_image","twitter_misc":{"Est. reading time":"1 minute"},"schema":{"@context":"https:\/\/schema.org","@graph":[{"@type":"WebPage","@id":"https:\/\/steuerteam.de\/en\/barrierefreiheit","url":"https:\/\/steuerteam.de\/en\/barrierefreiheit","name":"Barrierefreiheitserkl\u00e4rung - Steuerteam","isPartOf":{"@id":"https:\/\/steuerteam.de\/en#website"},"datePublished":"2025-06-23T15:00:49+00:00","dateModified":"2025-06-23T15:22:41+00:00","breadcrumb":{"@id":"https:\/\/steuerteam.de\/en\/barrierefreiheit#breadcrumb"},"inLanguage":"en-US","potentialAction":[{"@type":"ReadAction","target":["https:\/\/steuerteam.de\/en\/barrierefreiheit"]}]},{"@type":"BreadcrumbList","@id":"https:\/\/steuerteam.de\/en\/barrierefreiheit#breadcrumb","itemListElement":[{"@type":"ListItem","position":1,"name":"Startseite","item":"https:\/\/steuerteam.de\/en"},{"@type":"ListItem","position":2,"name":"Barrierefreiheitserkl\u00e4rung"}]},{"@type":"WebSite","@id":"https:\/\/steuerteam.de\/en#website","url":"https:\/\/steuerteam.de\/en","name":"Steuerteam","description":"Steuerteam.de puts clients at the centre. We offer all classic tax advisor services (also digital) and cover other special areas. ","publisher":{"@id":"https:\/\/steuerteam.de\/en#organization"},"potentialAction":[{"@type":"SearchAction","target":{"@type":"EntryPoint","urlTemplate":"https:\/\/steuerteam.de\/en?s={search_term_string}"},"query-input":{"@type":"PropertyValueSpecification","valueRequired":true,"valueName":"search_term_string"}}],"inLanguage":"en-US"},{"@type":"Organization","@id":"https:\/\/steuerteam.de\/en#organization","name":"Steuerteam Landsberg M\u00fcnchen","url":"https:\/\/steuerteam.de\/en","logo":{"@type":"ImageObject","inLanguage":"en-US","@id":"https:\/\/steuerteam.de\/en#\/schema\/logo\/image\/","url":"https:\/\/steuerteam.de\/wp-content\/uploads\/2022\/04\/Steuerteam_Logo_Original-1.png","contentUrl":"https:\/\/steuerteam.de\/wp-content\/uploads\/2022\/04\/Steuerteam_Logo_Original-1.png","width":400,"height":234,"caption":"Steuerteam Landsberg M\u00fcnchen"},"image":{"@id":"https:\/\/steuerteam.de\/en#\/schema\/logo\/image\/"}}]}},"_links":{"self":[{"href":"https:\/\/steuerteam.de\/en\/wp-json\/wp\/v2\/pages\/3941","targetHints":{"allow":["GET"]}}],"collection":[{"href":"https:\/\/steuerteam.de\/en\/wp-json\/wp\/v2\/pages"}],"about":[{"href":"https:\/\/steuerteam.de\/en\/wp-json\/wp\/v2\/types\/page"}],"author":[{"embeddable":true,"href":"https:\/\/steuerteam.de\/en\/wp-json\/wp\/v2\/users\/3"}],"replies":[{"embeddable":true,"href":"https:\/\/steuerteam.de\/en\/wp-json\/wp\/v2\/comments?post=3941"}],"version-history":[{"count":4,"href":"https:\/\/steuerteam.de\/en\/wp-json\/wp\/v2\/pages\/3941\/revisions"}],"predecessor-version":[{"id":3945,"href":"https:\/\/steuerteam.de\/en\/wp-json\/wp\/v2\/pages\/3941\/revisions\/3945"}],"wp:attachment":[{"href":"https:\/\/steuerteam.de\/en\/wp-json\/wp\/v2\/media?parent=3941"}],"curies":[{"name":"wp","href":"https:\/\/api.w.org\/{rel}","templated":true}]}}