{"id":1733,"date":"2022-04-03T09:36:33","date_gmt":"2022-04-03T07:36:33","guid":{"rendered":"https:\/\/steuerteam.de\/oeffentliches-verfahrensverzeichnis\/"},"modified":"2022-05-19T12:31:53","modified_gmt":"2022-05-19T10:31:53","slug":"oeffentliches-verfahrensverzeichnis","status":"publish","type":"page","link":"https:\/\/steuerteam.de\/en\/oeffentliches-verfahrensverzeichnis","title":{"rendered":"\u00d6ffentliches Verfahrensverzeichnis"},"content":{"rendered":"\t\t<div data-elementor-type=\"wp-page\" data-elementor-id=\"1733\" class=\"elementor elementor-1733 elementor-80\" data-elementor-post-type=\"page\">\n\t\t\t\t\t\t<section class=\"elementor-section elementor-top-section elementor-element elementor-element-ded7274 elementor-section-boxed elementor-section-height-default elementor-section-height-default\" data-id=\"ded7274\" data-element_type=\"section\" data-e-type=\"section\">\n\t\t\t\t\t\t<div class=\"elementor-container elementor-column-gap-default\">\n\t\t\t\t\t<div class=\"elementor-column elementor-col-100 elementor-top-column elementor-element elementor-element-95f24aa\" data-id=\"95f24aa\" data-element_type=\"column\" data-e-type=\"column\">\n\t\t\t<div class=\"elementor-widget-wrap elementor-element-populated\">\n\t\t\t\t\t\t<div class=\"elementor-element elementor-element-51c5f6c elementor-widget elementor-widget-text-editor\" data-id=\"51c5f6c\" data-element_type=\"widget\" data-e-type=\"widget\" data-widget_type=\"text-editor.default\">\n\t\t\t\t<div class=\"elementor-widget-container\">\n\t\t\t\t\t\t\t\t\t<h1>\u00d6ffentliches Verfahrensverzeichnis<\/h1><p>Gem\u00e4\u00df \u00a7 4g Abs. 2 S. 2 BDSG hat der Beauftragte f\u00fcr den Datenschutz auf Antrag Jedermann in geeigneter Weise die in \u00a7 4e BDSG festgelegten Angaben verf\u00fcgbar zu machen. Dieser Verpflichtung kommen wir hier unmittelbar nach und verzichten damit auf den individuellen Antrag Ihrerseits.<\/p><p><strong>1. Name der verantwortlichen Stelle:<\/strong><br>Steuerteam GmbH Steuerberatungsgesellschaft<br>Amtsgericht Landsberg<br>Handelsregister Augsburg HRB 9352<br>USt-IdNr. DE128669066<\/p><p><strong>2. Gesch\u00e4ftsf\u00fchrung<\/strong><br>Claudia Jenewein (Dipl.-oec. Steuerberaterin)<br>Stefan Held (Dipl.-Kfm., Steuerberater)<br>Bertram Schmidt (Dipl.-Kfm., Steuerberater, Wirtschaftspr\u00fcfer)<br>Franz Weinberger (Rechtsanwalt)<\/p><p><strong>3. Anschrift der verantwortlichen Stelle<\/strong><br>Steuerteam GmbH Steuerberatungsgesellschaft<br>Am Penzinger Feld 19a<br>86899 Landsberg<br>Tel.: +49 8191 9170-0<br>Fax: +49 8191 21877<br><span id=\"cloak9beb33f7493483021bc2563ee65f91b7\"><a href=\"mailto:info@steuerteam.de\">info@steuerteam.de<\/a><\/span><\/p><p><strong>4. Zweckbestimmung der Datenerhebung, -verarbeitung oder -nutzung<\/strong><br>Die von der Steuerteam GmbH erhobenen personenbezogenen Daten werden ausschlie\u00dflich zur Erf\u00fcllung unserer Mandantenvertr\u00e4ge genutzt. Dies umfasst steuer-, wirtschafts und verm\u00f6gensberatende T\u00e4tigkeiten, das Erstellen von Finanzbuchf\u00fchrungen, Lohn- und Gehaltsbuchf\u00fchrungen, Jahresabschl\u00fcssen, Steuererkl\u00e4rungen, die Teilnahme an Betriebspr\u00fcfungen, sowie treuh\u00e4nderische T\u00e4tigkeiten.<br>Die Datenerhebung, -nutzung und -\u00fcbermittlung im Bereich Personalverwaltung erfolgt zu eigenen Zwecken und zur Erf\u00fcllung gesetzlicher und sozialversicherungsrechtlicher Verpflichtungen.<\/p><p><strong>5. Betroffene Personengruppen mit entsprechenden Daten<\/strong><br>&#8211; Mandanten (Adress- und Kommunikationsdaten, Bankverbindungen, Versicherungsdaten, Verm\u00f6gensverh\u00e4ltnisse, Arbeits- und Familienverh\u00e4ltnis, Gesundheitsdaten soweit zur Vertragsabwicklung erforderlich, sowie weitere steuerlich relevante Daten)<br>&#8211; Interessenten (Adress-, Kommunikations- und Angebotsdaten)<br>&#8211; Bewerber (Adress- und Kommunikationsdaten)<br>&#8211; Mitarbeiter, Auszubildende, Praktikanten, Ruhest\u00e4ndler, fr\u00fchere Mitarbeiter und freie Mitarbeiter (Adress- und Kommunikationsdaten, Bankverbindungen, Lohn-, Gehalts-, Renten- und Sozialversicherungsdaten, Namen und Alter von Angeh\u00f6rigen soweit f\u00fcr Sozialleistungen relevant, Arbeitszeiterfassungsdaten)<br>&#8211; Lieferanten\/Dienstleister (Adressdaten, Bankverbindungen, Vertragsdaten)<br>&#8211; Kontaktpersonen zu vorgenannten Gruppen<\/p><p><strong>6. Empf\u00e4nger oder Kategorien von Empf\u00e4ngern, denen die Daten mitgeteilt werden<\/strong><br><strong>k\u00f6nnen<\/strong><br>&#8211; \u00f6ffentliche Stellen bei vorliegen vorrangiger Rechtsvorschriften<br>(z. B. Sozialversicherungstr\u00e4ger, Finanzbeh\u00f6rden, Aufsichtsbeh\u00f6rden)<br>&#8211; interne Mitarbeiter die an der Ausf\u00fchrung und Erf\u00fcllung der unter 4. genannten Zwecke<br>beteiligt sind<br>&#8211; DATEV eG zur Speicherung und Verarbeitung der Daten und zur Erf\u00fcllung der unter 4.<br>genannten Zwecke (Dienstleister gem. \u00a7 11 BDSG)<br>&#8211; EDV-Betreuer<br>&#8211; externe Stellen zur Erf\u00fcllung der unter 4. genannten Zwecke<\/p><p><strong>7. Regelfristen f\u00fcr die L\u00f6schung der Daten<\/strong><br>Die L\u00f6schung der Daten erfolgt nach Ablauf der gesetzlichen, satzungsm\u00e4\u00dfigen oder vertraglichen Aufbewahrungsfristen.<br>Sofern Daten hiervon nicht betroffen sind, werden sie gel\u00f6scht, wenn die unter 4. genannten Zwecke entfallen.<\/p><p><strong>8. Geplante Daten\u00fcbermittlung in Drittstaaten (au\u00dferhalb der EU)<\/strong><br>Eine \u00dcbermittlung in Drittstaaten ist nicht geplant, kann allerdings in Einzelf\u00e4llen und nach<br>vorheriger Absprache mit dem Mandanten erfolgen.<\/p><p><strong>9. Allgemeine Beschreibung, die es erm\u00f6glicht, vorl\u00e4ufig zu beurteilen, ob die <\/strong><strong>Ma\u00dfnahmen nach \u00a7 9 BDSG zur Gew\u00e4hrleistung der Sicherheit der Verarbeitung <\/strong><strong>angemessen sind.<\/strong><br>Es werden technische und organisatorische Sicherheitsma\u00dfnahmen eingesetzt, um die durch die Steuerteam GmbH verwalteten Daten gegen zuf\u00e4llige oder vors\u00e4tzliche Manipulationen, Verlust, Zerst\u00f6rung oder gegen den Zugriff unberechtigter Personen zu sch\u00fctzen.<br>Die Sicherheitsma\u00dfnahmen werden entsprechend der technologischen Entwicklung fortlaufend verbessert.<br>Im Detail bedeutet dies, dass die datenschutzrelevanten Angaben auf gesicherten Systemen in Deutschland gespeichert werden. Gegen zuf\u00e4llige Zerst\u00f6rung oder Verlust von Daten werden t\u00e4glich entsprechende Sicherungsdateien erstellt. Der Zugriff darauf ist nur befugten Personen m\u00f6glich, die mit der Verarbeitung von Daten oder der technischen Betreuung der Systeme befasst sind. Die entsprechenden Mitarbeiter haben sich schriftlich zur Einhaltung des Datengeheimnisses (\u00a7 5 BDSG) verpflichtet.<\/p><p>Stand 25.11.2010<\/p>\t\t\t\t\t\t\t\t<\/div>\n\t\t\t\t<\/div>\n\t\t\t\t\t<\/div>\n\t\t<\/div>\n\t\t\t\t\t<\/div>\n\t\t<\/section>\n\t\t\t\t<\/div>\n\t\t","protected":false},"excerpt":{"rendered":"<p>\u00d6ffentliches Verfahrensverzeichnis Gem\u00e4\u00df \u00a7 4g Abs. 2 S. 2 BDSG hat der Beauftragte f\u00fcr den Datenschutz auf Antrag Jedermann in geeigneter Weise die in \u00a7 4e BDSG festgelegten Angaben verf\u00fcgbar zu machen. Dieser Verpflichtung kommen wir hier unmittelbar nach und verzichten damit auf den individuellen Antrag Ihrerseits. 1. Name der verantwortlichen Stelle:Steuerteam GmbH SteuerberatungsgesellschaftAmtsgericht LandsbergHandelsregister [&hellip;]<\/p>\n","protected":false},"author":3,"featured_media":0,"parent":0,"menu_order":0,"comment_status":"closed","ping_status":"closed","template":"elementor_header_footer","meta":{"footnotes":""},"class_list":["post-1733","page","type-page","status-publish","hentry"],"yoast_head":"<!-- This site is optimized with the Yoast SEO plugin v27.4 - https:\/\/yoast.com\/product\/yoast-seo-wordpress\/ -->\n<title>\u00d6ffentliches Verfahrensverzeichnis - Steuerteam<\/title>\n<meta name=\"description\" content=\"Gem\u00e4\u00df \u00a7 4g Abs. 2 S. 2 BDSG hat der Beauftragte f\u00fcr den Datenschutz auf Antrag Jedermann in geeigneter Weise die in \u00a7 4e BDSG festgelegten Angaben verf\u00fcgbar zu machen.\" \/>\n<meta name=\"robots\" content=\"noindex, follow\" \/>\n<meta property=\"og:locale\" content=\"en_US\" \/>\n<meta property=\"og:type\" content=\"article\" \/>\n<meta property=\"og:title\" content=\"\u00d6ffentliches Verfahrensverzeichnis - Steuerteam\" \/>\n<meta property=\"og:description\" content=\"Gem\u00e4\u00df \u00a7 4g Abs. 2 S. 2 BDSG hat der Beauftragte f\u00fcr den Datenschutz auf Antrag Jedermann in geeigneter Weise die in \u00a7 4e BDSG festgelegten Angaben verf\u00fcgbar zu machen.\" \/>\n<meta property=\"og:url\" content=\"https:\/\/steuerteam.de\/en\/oeffentliches-verfahrensverzeichnis\" \/>\n<meta property=\"og:site_name\" content=\"Steuerteam\" \/>\n<meta property=\"article:modified_time\" content=\"2022-05-19T10:31:53+00:00\" \/>\n<meta name=\"twitter:card\" content=\"summary_large_image\" \/>\n<meta name=\"twitter:label1\" content=\"Est. reading time\" \/>\n\t<meta name=\"twitter:data1\" content=\"3 minutes\" \/>\n<script type=\"application\/ld+json\" class=\"yoast-schema-graph\">{\"@context\":\"https:\\\/\\\/schema.org\",\"@graph\":[{\"@type\":\"WebPage\",\"@id\":\"https:\\\/\\\/steuerteam.de\\\/en\\\/oeffentliches-verfahrensverzeichnis\",\"url\":\"https:\\\/\\\/steuerteam.de\\\/en\\\/oeffentliches-verfahrensverzeichnis\",\"name\":\"\u00d6ffentliches Verfahrensverzeichnis - Steuerteam\",\"isPartOf\":{\"@id\":\"https:\\\/\\\/steuerteam.de\\\/en#website\"},\"datePublished\":\"2022-04-03T07:36:33+00:00\",\"dateModified\":\"2022-05-19T10:31:53+00:00\",\"description\":\"Gem\u00e4\u00df \u00a7 4g Abs. 2 S. 2 BDSG hat der Beauftragte f\u00fcr den Datenschutz auf Antrag Jedermann in geeigneter Weise die in \u00a7 4e BDSG festgelegten Angaben verf\u00fcgbar zu machen.\",\"breadcrumb\":{\"@id\":\"https:\\\/\\\/steuerteam.de\\\/en\\\/oeffentliches-verfahrensverzeichnis#breadcrumb\"},\"inLanguage\":\"en-US\",\"potentialAction\":[{\"@type\":\"ReadAction\",\"target\":[\"https:\\\/\\\/steuerteam.de\\\/en\\\/oeffentliches-verfahrensverzeichnis\"]}]},{\"@type\":\"BreadcrumbList\",\"@id\":\"https:\\\/\\\/steuerteam.de\\\/en\\\/oeffentliches-verfahrensverzeichnis#breadcrumb\",\"itemListElement\":[{\"@type\":\"ListItem\",\"position\":1,\"name\":\"Startseite\",\"item\":\"https:\\\/\\\/steuerteam.de\\\/en\"},{\"@type\":\"ListItem\",\"position\":2,\"name\":\"\u00d6ffentliches Verfahrensverzeichnis\"}]},{\"@type\":\"WebSite\",\"@id\":\"https:\\\/\\\/steuerteam.de\\\/en#website\",\"url\":\"https:\\\/\\\/steuerteam.de\\\/en\",\"name\":\"Steuerteam\",\"description\":\"Steuerteam.de puts clients at the centre. We offer all classic tax advisor services (also digital) and cover other special areas. \",\"publisher\":{\"@id\":\"https:\\\/\\\/steuerteam.de\\\/en#organization\"},\"potentialAction\":[{\"@type\":\"SearchAction\",\"target\":{\"@type\":\"EntryPoint\",\"urlTemplate\":\"https:\\\/\\\/steuerteam.de\\\/en?s={search_term_string}\"},\"query-input\":{\"@type\":\"PropertyValueSpecification\",\"valueRequired\":true,\"valueName\":\"search_term_string\"}}],\"inLanguage\":\"en-US\"},{\"@type\":\"Organization\",\"@id\":\"https:\\\/\\\/steuerteam.de\\\/en#organization\",\"name\":\"Steuerteam Landsberg M\u00fcnchen\",\"url\":\"https:\\\/\\\/steuerteam.de\\\/en\",\"logo\":{\"@type\":\"ImageObject\",\"inLanguage\":\"en-US\",\"@id\":\"https:\\\/\\\/steuerteam.de\\\/en#\\\/schema\\\/logo\\\/image\\\/\",\"url\":\"https:\\\/\\\/steuerteam.de\\\/wp-content\\\/uploads\\\/2022\\\/04\\\/Steuerteam_Logo_Original-1.png\",\"contentUrl\":\"https:\\\/\\\/steuerteam.de\\\/wp-content\\\/uploads\\\/2022\\\/04\\\/Steuerteam_Logo_Original-1.png\",\"width\":400,\"height\":234,\"caption\":\"Steuerteam Landsberg M\u00fcnchen\"},\"image\":{\"@id\":\"https:\\\/\\\/steuerteam.de\\\/en#\\\/schema\\\/logo\\\/image\\\/\"}}]}<\/script>\n<!-- \/ Yoast SEO plugin. -->","yoast_head_json":{"title":"\u00d6ffentliches Verfahrensverzeichnis - Steuerteam","description":"Gem\u00e4\u00df \u00a7 4g Abs. 2 S. 2 BDSG hat der Beauftragte f\u00fcr den Datenschutz auf Antrag Jedermann in geeigneter Weise die in \u00a7 4e BDSG festgelegten Angaben verf\u00fcgbar zu machen.","robots":{"index":"noindex","follow":"follow"},"og_locale":"en_US","og_type":"article","og_title":"\u00d6ffentliches Verfahrensverzeichnis - Steuerteam","og_description":"Gem\u00e4\u00df \u00a7 4g Abs. 2 S. 2 BDSG hat der Beauftragte f\u00fcr den Datenschutz auf Antrag Jedermann in geeigneter Weise die in \u00a7 4e BDSG festgelegten Angaben verf\u00fcgbar zu machen.","og_url":"https:\/\/steuerteam.de\/en\/oeffentliches-verfahrensverzeichnis","og_site_name":"Steuerteam","article_modified_time":"2022-05-19T10:31:53+00:00","twitter_card":"summary_large_image","twitter_misc":{"Est. reading time":"3 minutes"},"schema":{"@context":"https:\/\/schema.org","@graph":[{"@type":"WebPage","@id":"https:\/\/steuerteam.de\/en\/oeffentliches-verfahrensverzeichnis","url":"https:\/\/steuerteam.de\/en\/oeffentliches-verfahrensverzeichnis","name":"\u00d6ffentliches Verfahrensverzeichnis - Steuerteam","isPartOf":{"@id":"https:\/\/steuerteam.de\/en#website"},"datePublished":"2022-04-03T07:36:33+00:00","dateModified":"2022-05-19T10:31:53+00:00","description":"Gem\u00e4\u00df \u00a7 4g Abs. 2 S. 2 BDSG hat der Beauftragte f\u00fcr den Datenschutz auf Antrag Jedermann in geeigneter Weise die in \u00a7 4e BDSG festgelegten Angaben verf\u00fcgbar zu machen.","breadcrumb":{"@id":"https:\/\/steuerteam.de\/en\/oeffentliches-verfahrensverzeichnis#breadcrumb"},"inLanguage":"en-US","potentialAction":[{"@type":"ReadAction","target":["https:\/\/steuerteam.de\/en\/oeffentliches-verfahrensverzeichnis"]}]},{"@type":"BreadcrumbList","@id":"https:\/\/steuerteam.de\/en\/oeffentliches-verfahrensverzeichnis#breadcrumb","itemListElement":[{"@type":"ListItem","position":1,"name":"Startseite","item":"https:\/\/steuerteam.de\/en"},{"@type":"ListItem","position":2,"name":"\u00d6ffentliches Verfahrensverzeichnis"}]},{"@type":"WebSite","@id":"https:\/\/steuerteam.de\/en#website","url":"https:\/\/steuerteam.de\/en","name":"Steuerteam","description":"Steuerteam.de puts clients at the centre. We offer all classic tax advisor services (also digital) and cover other special areas. ","publisher":{"@id":"https:\/\/steuerteam.de\/en#organization"},"potentialAction":[{"@type":"SearchAction","target":{"@type":"EntryPoint","urlTemplate":"https:\/\/steuerteam.de\/en?s={search_term_string}"},"query-input":{"@type":"PropertyValueSpecification","valueRequired":true,"valueName":"search_term_string"}}],"inLanguage":"en-US"},{"@type":"Organization","@id":"https:\/\/steuerteam.de\/en#organization","name":"Steuerteam Landsberg M\u00fcnchen","url":"https:\/\/steuerteam.de\/en","logo":{"@type":"ImageObject","inLanguage":"en-US","@id":"https:\/\/steuerteam.de\/en#\/schema\/logo\/image\/","url":"https:\/\/steuerteam.de\/wp-content\/uploads\/2022\/04\/Steuerteam_Logo_Original-1.png","contentUrl":"https:\/\/steuerteam.de\/wp-content\/uploads\/2022\/04\/Steuerteam_Logo_Original-1.png","width":400,"height":234,"caption":"Steuerteam Landsberg M\u00fcnchen"},"image":{"@id":"https:\/\/steuerteam.de\/en#\/schema\/logo\/image\/"}}]}},"_links":{"self":[{"href":"https:\/\/steuerteam.de\/en\/wp-json\/wp\/v2\/pages\/1733","targetHints":{"allow":["GET"]}}],"collection":[{"href":"https:\/\/steuerteam.de\/en\/wp-json\/wp\/v2\/pages"}],"about":[{"href":"https:\/\/steuerteam.de\/en\/wp-json\/wp\/v2\/types\/page"}],"author":[{"embeddable":true,"href":"https:\/\/steuerteam.de\/en\/wp-json\/wp\/v2\/users\/3"}],"replies":[{"embeddable":true,"href":"https:\/\/steuerteam.de\/en\/wp-json\/wp\/v2\/comments?post=1733"}],"version-history":[{"count":1,"href":"https:\/\/steuerteam.de\/en\/wp-json\/wp\/v2\/pages\/1733\/revisions"}],"predecessor-version":[{"id":1734,"href":"https:\/\/steuerteam.de\/en\/wp-json\/wp\/v2\/pages\/1733\/revisions\/1734"}],"wp:attachment":[{"href":"https:\/\/steuerteam.de\/en\/wp-json\/wp\/v2\/media?parent=1733"}],"curies":[{"name":"wp","href":"https:\/\/api.w.org\/{rel}","templated":true}]}}