{"id":1713,"date":"2022-04-03T09:34:19","date_gmt":"2022-04-03T07:34:19","guid":{"rendered":"https:\/\/steuerteam.de\/impressum\/"},"modified":"2023-11-06T12:32:39","modified_gmt":"2023-11-06T11:32:39","slug":"impressum","status":"publish","type":"page","link":"https:\/\/steuerteam.de\/en\/impressum","title":{"rendered":"Impressum"},"content":{"rendered":"\t\t<div data-elementor-type=\"wp-page\" data-elementor-id=\"1713\" class=\"elementor elementor-1713 elementor-76\" data-elementor-post-type=\"page\">\n\t\t\t\t\t\t<section class=\"elementor-section elementor-top-section elementor-element elementor-element-b3912d5 elementor-section-boxed elementor-section-height-default elementor-section-height-default\" data-id=\"b3912d5\" data-element_type=\"section\" data-e-type=\"section\">\n\t\t\t\t\t\t<div class=\"elementor-container elementor-column-gap-default\">\n\t\t\t\t\t<div class=\"elementor-column elementor-col-100 elementor-top-column elementor-element elementor-element-432822d\" data-id=\"432822d\" data-element_type=\"column\" data-e-type=\"column\">\n\t\t\t<div class=\"elementor-widget-wrap elementor-element-populated\">\n\t\t\t\t\t\t<div class=\"elementor-element elementor-element-67df851 elementor-widget elementor-widget-text-editor\" data-id=\"67df851\" data-element_type=\"widget\" data-e-type=\"widget\" data-widget_type=\"text-editor.default\">\n\t\t\t\t<div class=\"elementor-widget-container\">\n\t\t\t\t\t\t\t\t\t<p><strong>tax consulting company<\/strong><br>Am Penzinger Feld 19a<br>D-86899 Landsberg\/Lech<br>Tel: 0 81 91\/91 70-0<br>Fax: 0 81 91\/2 18 77<br>Mail: info@steuerteam.de<\/p>\n<p><strong>Ausw\u00e4rtige Beratungsstelle:<\/strong><br>Romanstra\u00dfe 14a<br>D-80639 M\u00fcnchen<br>Tel: 089\/159 236 65-0<br>Fax: 089\/159 236 65-99<\/p>\n<p>Handelsregister Augsburg HRB 9352<br>Ust-IdNr. DE128669066<\/p>\n<p><strong>Vertretungsberechtigte Gesch\u00e4ftsf\u00fchrer:<\/strong><\/p>\n<p>\u2022 Stefan Held (Dipl.-Kfm., Steuerberater)<br>\u2022 Claudia Jenewein (Dipl.-oec. Steuerberaterin)<br>\u2022 Frank Kabisch (Dipl.-Kfm., Wirtschaftspr\u00fcfer, Steuerberater)<br>\u2022 Sebastian Schie\u00dfling (Steuerberater)<br>\u2022 Bertram Schmidt (Dipl.-Kfm., Wirtschaftspr\u00fcfer, Steuerberater)<br>&#8211; Kerstin Schumacher (Dipl. Business economist (FH), tax consultant)<br>&#8211; Fabian Schwethelm (tax consultant, business graduate)<br>\u2022 Franz Weinberger (Rechtsanwalt)<\/p>\n<p><strong>Hinweise zu den Berufsbezeichnungen:<\/strong><br>Die gesetzliche Berufsbezeichnung &#8220;Steuerberatungsgesellschaft&#8221; wurde in der Bundesrepublik Deutschland verliehen. Die gesetzlichen Berufsbezeichnungen &#8220;Steuerberater&#8221; bzw. &#8220;Steuerberaterin&#8221; sowie &#8220;Rechtsanwalt&#8221; bzw. &#8220;Rechtsanw\u00e4ltin&#8221; wurden in der Bundesrepublik Deutschland erworben.<\/p>\n<p><strong>Inhaltlich Verantwortlich gem \u00a76 MDStV<\/strong><\/p>\n<p>\u2022 Stefan Held<br>\u2022 Claudia Jenewein<br>\u2022 Frank Kabisch<br>&#8211; Sebastian Schie\u00dfling<br>\u2022 Bertram Schmidt<br>&#8211; Kerstin Schumacher<br>&#8211; Fabian Schwethelm<\/p>\n<p><strong>Zust\u00e4ndige Aufsichtsbeh\u00f6rden:<\/strong><br>Steuerberaterkammer M\u00fcnchen<br>K\u00f6rperschaft des \u00f6ffentlichen Rechts<br>Nederlinger Str. 9, 80638 M\u00fcnchen<br>Telefon: (089) 15 79 02-0<br>Telefax: (089) 15 79 02-19<br>E-Mail: info@stbk-muc.de<br>Wirtschaftspr\u00fcferkammer Berlin<br>Rechtsanwaltskammer M\u00fcnchen<br>Landgericht Augsburg<\/p>\n<p><strong>Berufsrechtliche Regelungen f\u00fcr Steuerberater:<\/strong><br>\u2022 Steuerberatungsgesetz (StBerG)<br>\u2022 Durchf\u00fchrungsverordnung zum Steuerberatungsgesetz (DVStB)<br>\u2022 Berufsordnung f\u00fcr Steuerberater (BOStB)<br>\u2022 Steuerberatergeb\u00fchrenverordnung (StBGebV)<br>Die berufsrechtlichen Regelungen k\u00f6nnen bei der Bundessteuerberaterkammer www.bstbk.de eingesehen werden oder sind \u00fcber den Buchhandel erh\u00e4ltlich.<\/p>\n<p><strong>Berufsrechtliche Regelungen f\u00fcr Wirtschaftspr\u00fcfer:<\/strong><br>\u2022 Wirtschaftspr\u00fcferordnung (WPO)<br>\u2022 Berufssatzung f\u00fcr Wirtschaftspr\u00fcfer WP\/vBP<br>\u2022 Satzung f\u00fcr Qualit\u00e4tskontrolle<br>\u2022 Siegel VO<br>\u2022 Wirtschaftspr\u00fcfer-Berufshaftpflichtversicherungs VO<br>Die berufsrechtlichen Regelungen k\u00f6nnen bei der Wirtschaftspr\u00fcferkammer www.wpk.de eingesehen werden oder sind \u00fcber den Buchhandel erh\u00e4ltlich.<\/p>\n<p><strong>Berufsrechtliche Regelungen f\u00fcr Rechtsanw\u00e4lte:<\/strong><br>\u2022 Bundesrechtsanwaltsordnung (BRAO)<br>\u2022 Berufsordnung f\u00fcr Rechtsanw\u00e4lte (BORA)<br>\u2022 Fachanwaltsordnung (FAO)<br>\u2022 Standesregelung der Rechtsanw\u00e4lte der Europ\u00e4ischen Gemeinschaft (CCBE-Berufsregeln)<br>\u2022 Bundesrechtsanwaltsgeb\u00fchrenordnung (BRAGO)<br>\u2022 Rechtsanwaltsverg\u00fctungsgesetz (RVG)<br>Die berufsrechtlichen Regelungen k\u00f6nnen auf der Seite der Bundesrechtsanwaltskammer unter www.brak.de eingesehen werden.<\/p>\n<p>Die Berufshaftpflichtversicherung besteht bei der ERGO Versicherung AG, Victoriaplatz 1, 40198 D\u00fcsseldorf. Der r\u00e4umliche Geltungsbereich des Versicherungsschutzes umfasst T\u00e4tigkeiten in Europa.<\/p>\n<p><strong>Information nach dem Verbraucherstreitbeilegungsgesetz:<\/strong><br>Es besteht die Bereitschaft, an Streitbeilegungsverfahren bei einer Verbraucherschlichtungsstelle teilzunehmen. Zust\u00e4ndig ist in diesem Fall die Allgemeine Verbraucherschlichtungsstelle des Zentrums f\u00fcr Schlichtung e.V, Stra\u00dfburger Stra\u00dfe 8, 77694 Kehl (www.verbraucher-schlichter.de).<\/p>\n<p><strong>Bildquellen und -rechte<\/strong><\/p>\n<p>Fotografie<br>Wolfgang Zwanzger<br>www.wolfgangzwanzger.de<\/p>\n<p>stock.adobe.com: \u00a9Photographee.eu, \u00a9Martin Kierstein, \u00a9davis, \u00a9Lasse Noerbaek, \u00a9SFIO CRACHO, \u00a9crazymedia, \u00a9denisismagilov, \u00a9SFIO CRACHO, \u00a9Dudarev Mikhail, \u00a9Gerhard Seybert , \u00a9christakramer, \u00a9Soloviova Liudmyla, \u00a9magan, \u00a9Robert Poorten, \u00a9iconbeast, \u00a9Natee Meepian, \u00a9NTStudious, \u00a9InputUX, \u00a9Pcess609, \u00a9Graphicroyalty, \u00a9Studio Harmony, \u00a9Mr. Loeffler, \u00a9Who is Danny, \u00a9Timon, \u00a9Sutthiphong, \u00a9Limitless Visions, \u00a9Alexander Limbach<\/p>\n<p><strong>Disclaimer \/ Haftungsausschluss<\/strong><\/p>\n<p>Als Diensteanbieter sind wir gem\u00e4\u00df \u00a7 7 Abs.1 TMG f\u00fcr eigene Inhalte auf diesen Seiten nach den allgemeinen Gesetzen verantwortlich. Nach \u00a7\u00a7 8 bis 10 TMG sind wir als Diensteanbieter jedoch nicht verpflichtet, \u00fcbermittelte oder gespeicherte fremde Informationen zu \u00fcberwachen oder nach Umst\u00e4nden zu forschen, die auf eine rechtswidrige T\u00e4tigkeit hinweisen.<\/p>\n<p>Verpflichtungen zur Entfernung oder Sperrung der Nutzung von Informationen nach den allgemeinen Gesetzen bleiben hiervon unber\u00fchrt. Eine diesbez\u00fcgliche Haftung ist jedoch erst ab dem Zeitpunkt der Kenntnis einer konkreten Rechtsverletzung m\u00f6glich. Bei Bekanntwerden von entsprechenden Rechtsverletzungen werden wir diese Inhalte umgehend entfernen.<br>Haftung f\u00fcr Links<\/p>\n<p>Unser Angebot enth\u00e4lt Links zu externen Webseiten Dritter, auf deren Inhalte wir keinen Einfluss haben. Deshalb k\u00f6nnen wir f\u00fcr diese fremden Inhalte auch keine Gew\u00e4hr \u00fcbernehmen. F\u00fcr die Inhalte der verlinkten Seiten ist stets der jeweilige Anbieter oder Betreiber der Seiten verantwortlich. Die verlinkten Seiten wurden zum Zeitpunkt der Verlinkung auf m\u00f6gliche Rechtsverst\u00f6\u00dfe \u00fcberpr\u00fcft. Rechtswidrige Inhalte waren zum Zeitpunkt der Verlinkung nicht erkennbar.<\/p>\n<p>Eine permanente inhaltliche Kontrolle der verlinkten Seiten ist jedoch ohne konkrete Anhaltspunkte einer Rechtsverletzung nicht zumutbar. Bei Bekanntwerden von Rechtsverletzungen werden wir derartige Links umgehend entfernen.<br>Urheberrecht<\/p>\n<p>Die durch die Seitenbetreiber erstellten Inhalte und Werke auf diesen Seiten unterliegen dem deutschen Urheberrecht. Die Vervielf\u00e4ltigung, Bearbeitung, Verbreitung und jede Art der Verwertung au\u00dferhalb der Grenzen des Urheberrechtes bed\u00fcrfen der schriftlichen Zustimmung des jeweiligen Autors bzw. Erstellers. Downloads und Kopien dieser Seite sind nur f\u00fcr den privaten, nicht kommerziellen Gebrauch gestattet.<\/p>\n<p>Soweit die Inhalte auf dieser Seite nicht vom Betreiber erstellt wurden, werden die Urheberrechte Dritter beachtet. Insbesondere werden Inhalte Dritter als solche gekennzeichnet. Sollten Sie trotzdem auf eine Urheberrechtsverletzung aufmerksam werden, bitten wir um einen entsprechenden Hinweis. Bei Bekanntwerden von Rechtsverletzungen werden wir derartige Inhalte umgehend entfernen.<\/p>\t\t\t\t\t\t\t\t<\/div>\n\t\t\t\t<\/div>\n\t\t\t\t\t<\/div>\n\t\t<\/div>\n\t\t\t\t\t<\/div>\n\t\t<\/section>\n\t\t\t\t<\/div>\n\t\t","protected":false},"excerpt":{"rendered":"<p>tax consulting companyAm Penzinger Feld 19aD-86899 Landsberg\/LechTel: 0 81 91\/91 70-0Fax: 0 81 91\/2 18 77Mail: info@steuerteam.de Ausw\u00e4rtige Beratungsstelle:Romanstra\u00dfe 14aD-80639 M\u00fcnchenTel: 089\/159 236 65-0Fax: 089\/159 236 65-99 Handelsregister Augsburg HRB 9352Ust-IdNr. DE128669066 Vertretungsberechtigte Gesch\u00e4ftsf\u00fchrer: \u2022 Stefan Held (Dipl.-Kfm., Steuerberater)\u2022 Claudia Jenewein (Dipl.-oec. Steuerberaterin)\u2022 Frank Kabisch (Dipl.-Kfm., Wirtschaftspr\u00fcfer, Steuerberater)\u2022 Sebastian Schie\u00dfling (Steuerberater)\u2022 Bertram Schmidt (Dipl.-Kfm., Wirtschaftspr\u00fcfer, [&hellip;]<\/p>\n","protected":false},"author":3,"featured_media":0,"parent":0,"menu_order":0,"comment_status":"closed","ping_status":"closed","template":"elementor_header_footer","meta":{"footnotes":""},"class_list":["post-1713","page","type-page","status-publish","hentry"],"yoast_head":"<!-- This site is optimized with the Yoast SEO plugin v27.4 - https:\/\/yoast.com\/product\/yoast-seo-wordpress\/ -->\n<title>Impressum - Steuerteam<\/title>\n<meta name=\"description\" content=\"Steuerberatungsgesellschaft-Am Penzinger Feld 19aD-86899 Landsberg\/Lech-Tel: 0 81 91\/91 70-0-Fax: 0 81 91\/2 18 77-Mail: info@steuerteam.de\" \/>\n<meta name=\"robots\" content=\"noindex, follow\" \/>\n<meta property=\"og:locale\" content=\"en_US\" \/>\n<meta property=\"og:type\" content=\"article\" \/>\n<meta property=\"og:title\" content=\"Impressum - Steuerteam\" \/>\n<meta property=\"og:description\" content=\"Steuerberatungsgesellschaft-Am Penzinger Feld 19aD-86899 Landsberg\/Lech-Tel: 0 81 91\/91 70-0-Fax: 0 81 91\/2 18 77-Mail: info@steuerteam.de\" \/>\n<meta property=\"og:url\" content=\"https:\/\/steuerteam.de\/en\/impressum\" \/>\n<meta property=\"og:site_name\" content=\"Steuerteam\" \/>\n<meta property=\"article:modified_time\" content=\"2023-11-06T11:32:39+00:00\" \/>\n<meta name=\"twitter:card\" content=\"summary_large_image\" \/>\n<meta name=\"twitter:label1\" content=\"Est. reading time\" \/>\n\t<meta name=\"twitter:data1\" content=\"4 minutes\" \/>\n<script type=\"application\/ld+json\" class=\"yoast-schema-graph\">{\"@context\":\"https:\\\/\\\/schema.org\",\"@graph\":[{\"@type\":\"WebPage\",\"@id\":\"https:\\\/\\\/steuerteam.de\\\/en\\\/impressum\",\"url\":\"https:\\\/\\\/steuerteam.de\\\/en\\\/impressum\",\"name\":\"Impressum - Steuerteam\",\"isPartOf\":{\"@id\":\"https:\\\/\\\/steuerteam.de\\\/en#website\"},\"datePublished\":\"2022-04-03T07:34:19+00:00\",\"dateModified\":\"2023-11-06T11:32:39+00:00\",\"description\":\"Steuerberatungsgesellschaft-Am Penzinger Feld 19aD-86899 Landsberg\\\/Lech-Tel: 0 81 91\\\/91 70-0-Fax: 0 81 91\\\/2 18 77-Mail: info@steuerteam.de\",\"breadcrumb\":{\"@id\":\"https:\\\/\\\/steuerteam.de\\\/en\\\/impressum#breadcrumb\"},\"inLanguage\":\"en-US\",\"potentialAction\":[{\"@type\":\"ReadAction\",\"target\":[\"https:\\\/\\\/steuerteam.de\\\/en\\\/impressum\"]}]},{\"@type\":\"BreadcrumbList\",\"@id\":\"https:\\\/\\\/steuerteam.de\\\/en\\\/impressum#breadcrumb\",\"itemListElement\":[{\"@type\":\"ListItem\",\"position\":1,\"name\":\"Startseite\",\"item\":\"https:\\\/\\\/steuerteam.de\\\/en\"},{\"@type\":\"ListItem\",\"position\":2,\"name\":\"Impressum\"}]},{\"@type\":\"WebSite\",\"@id\":\"https:\\\/\\\/steuerteam.de\\\/en#website\",\"url\":\"https:\\\/\\\/steuerteam.de\\\/en\",\"name\":\"Steuerteam\",\"description\":\"Steuerteam.de puts clients at the centre. We offer all classic tax advisor services (also digital) and cover other special areas. \",\"publisher\":{\"@id\":\"https:\\\/\\\/steuerteam.de\\\/en#organization\"},\"potentialAction\":[{\"@type\":\"SearchAction\",\"target\":{\"@type\":\"EntryPoint\",\"urlTemplate\":\"https:\\\/\\\/steuerteam.de\\\/en?s={search_term_string}\"},\"query-input\":{\"@type\":\"PropertyValueSpecification\",\"valueRequired\":true,\"valueName\":\"search_term_string\"}}],\"inLanguage\":\"en-US\"},{\"@type\":\"Organization\",\"@id\":\"https:\\\/\\\/steuerteam.de\\\/en#organization\",\"name\":\"Steuerteam Landsberg M\u00fcnchen\",\"url\":\"https:\\\/\\\/steuerteam.de\\\/en\",\"logo\":{\"@type\":\"ImageObject\",\"inLanguage\":\"en-US\",\"@id\":\"https:\\\/\\\/steuerteam.de\\\/en#\\\/schema\\\/logo\\\/image\\\/\",\"url\":\"https:\\\/\\\/steuerteam.de\\\/wp-content\\\/uploads\\\/2022\\\/04\\\/Steuerteam_Logo_Original-1.png\",\"contentUrl\":\"https:\\\/\\\/steuerteam.de\\\/wp-content\\\/uploads\\\/2022\\\/04\\\/Steuerteam_Logo_Original-1.png\",\"width\":400,\"height\":234,\"caption\":\"Steuerteam Landsberg M\u00fcnchen\"},\"image\":{\"@id\":\"https:\\\/\\\/steuerteam.de\\\/en#\\\/schema\\\/logo\\\/image\\\/\"}}]}<\/script>\n<!-- \/ Yoast SEO plugin. -->","yoast_head_json":{"title":"Impressum - Steuerteam","description":"Steuerberatungsgesellschaft-Am Penzinger Feld 19aD-86899 Landsberg\/Lech-Tel: 0 81 91\/91 70-0-Fax: 0 81 91\/2 18 77-Mail: info@steuerteam.de","robots":{"index":"noindex","follow":"follow"},"og_locale":"en_US","og_type":"article","og_title":"Impressum - Steuerteam","og_description":"Steuerberatungsgesellschaft-Am Penzinger Feld 19aD-86899 Landsberg\/Lech-Tel: 0 81 91\/91 70-0-Fax: 0 81 91\/2 18 77-Mail: info@steuerteam.de","og_url":"https:\/\/steuerteam.de\/en\/impressum","og_site_name":"Steuerteam","article_modified_time":"2023-11-06T11:32:39+00:00","twitter_card":"summary_large_image","twitter_misc":{"Est. reading time":"4 minutes"},"schema":{"@context":"https:\/\/schema.org","@graph":[{"@type":"WebPage","@id":"https:\/\/steuerteam.de\/en\/impressum","url":"https:\/\/steuerteam.de\/en\/impressum","name":"Impressum - Steuerteam","isPartOf":{"@id":"https:\/\/steuerteam.de\/en#website"},"datePublished":"2022-04-03T07:34:19+00:00","dateModified":"2023-11-06T11:32:39+00:00","description":"Steuerberatungsgesellschaft-Am Penzinger Feld 19aD-86899 Landsberg\/Lech-Tel: 0 81 91\/91 70-0-Fax: 0 81 91\/2 18 77-Mail: info@steuerteam.de","breadcrumb":{"@id":"https:\/\/steuerteam.de\/en\/impressum#breadcrumb"},"inLanguage":"en-US","potentialAction":[{"@type":"ReadAction","target":["https:\/\/steuerteam.de\/en\/impressum"]}]},{"@type":"BreadcrumbList","@id":"https:\/\/steuerteam.de\/en\/impressum#breadcrumb","itemListElement":[{"@type":"ListItem","position":1,"name":"Startseite","item":"https:\/\/steuerteam.de\/en"},{"@type":"ListItem","position":2,"name":"Impressum"}]},{"@type":"WebSite","@id":"https:\/\/steuerteam.de\/en#website","url":"https:\/\/steuerteam.de\/en","name":"Steuerteam","description":"Steuerteam.de puts clients at the centre. We offer all classic tax advisor services (also digital) and cover other special areas. ","publisher":{"@id":"https:\/\/steuerteam.de\/en#organization"},"potentialAction":[{"@type":"SearchAction","target":{"@type":"EntryPoint","urlTemplate":"https:\/\/steuerteam.de\/en?s={search_term_string}"},"query-input":{"@type":"PropertyValueSpecification","valueRequired":true,"valueName":"search_term_string"}}],"inLanguage":"en-US"},{"@type":"Organization","@id":"https:\/\/steuerteam.de\/en#organization","name":"Steuerteam Landsberg M\u00fcnchen","url":"https:\/\/steuerteam.de\/en","logo":{"@type":"ImageObject","inLanguage":"en-US","@id":"https:\/\/steuerteam.de\/en#\/schema\/logo\/image\/","url":"https:\/\/steuerteam.de\/wp-content\/uploads\/2022\/04\/Steuerteam_Logo_Original-1.png","contentUrl":"https:\/\/steuerteam.de\/wp-content\/uploads\/2022\/04\/Steuerteam_Logo_Original-1.png","width":400,"height":234,"caption":"Steuerteam Landsberg M\u00fcnchen"},"image":{"@id":"https:\/\/steuerteam.de\/en#\/schema\/logo\/image\/"}}]}},"_links":{"self":[{"href":"https:\/\/steuerteam.de\/en\/wp-json\/wp\/v2\/pages\/1713","targetHints":{"allow":["GET"]}}],"collection":[{"href":"https:\/\/steuerteam.de\/en\/wp-json\/wp\/v2\/pages"}],"about":[{"href":"https:\/\/steuerteam.de\/en\/wp-json\/wp\/v2\/types\/page"}],"author":[{"embeddable":true,"href":"https:\/\/steuerteam.de\/en\/wp-json\/wp\/v2\/users\/3"}],"replies":[{"embeddable":true,"href":"https:\/\/steuerteam.de\/en\/wp-json\/wp\/v2\/comments?post=1713"}],"version-history":[{"count":5,"href":"https:\/\/steuerteam.de\/en\/wp-json\/wp\/v2\/pages\/1713\/revisions"}],"predecessor-version":[{"id":2684,"href":"https:\/\/steuerteam.de\/en\/wp-json\/wp\/v2\/pages\/1713\/revisions\/2684"}],"wp:attachment":[{"href":"https:\/\/steuerteam.de\/en\/wp-json\/wp\/v2\/media?parent=1713"}],"curies":[{"name":"wp","href":"https:\/\/api.w.org\/{rel}","templated":true}]}}