{"id":1678,"date":"2022-04-03T09:28:30","date_gmt":"2022-04-03T07:28:30","guid":{"rendered":"https:\/\/steuerteam.de\/current\/fachberater-zur-umstrukturierung-von-unternehmen\/"},"modified":"2022-05-19T11:32:38","modified_gmt":"2022-05-19T09:32:38","slug":"fachberater-zur-umstrukturierung-von-unternehmen","status":"publish","type":"page","link":"https:\/\/steuerteam.de\/en\/latest-news\/fachberater-zur-umstrukturierung-von-unternehmen","title":{"rendered":"Fachberater zur Umstrukturierung von Unternehmen"},"content":{"rendered":"\t\t<div data-elementor-type=\"wp-page\" data-elementor-id=\"1678\" class=\"elementor elementor-1678 elementor-67\" data-elementor-post-type=\"page\">\n\t\t\t\t\t\t<section class=\"elementor-section elementor-top-section elementor-element elementor-element-44e7a9ac elementor-section-full_width elementor-section-height-default elementor-section-height-default\" data-id=\"44e7a9ac\" data-element_type=\"section\" data-e-type=\"section\">\n\t\t\t\t\t\t<div class=\"elementor-container elementor-column-gap-default\">\n\t\t\t\t\t<div class=\"elementor-column elementor-col-100 elementor-top-column elementor-element elementor-element-27254710\" data-id=\"27254710\" data-element_type=\"column\" data-e-type=\"column\">\n\t\t\t<div class=\"elementor-widget-wrap elementor-element-populated\">\n\t\t\t\t\t\t<div class=\"elementor-element elementor-element-335409a2 elementor-widget elementor-widget-image\" data-id=\"335409a2\" data-element_type=\"widget\" data-e-type=\"widget\" data-widget_type=\"image.default\">\n\t\t\t\t<div class=\"elementor-widget-container\">\n\t\t\t\t\t\t\t\t\t\t\t\t\t\t\t<img fetchpriority=\"high\" decoding=\"async\" width=\"1903\" height=\"450\" src=\"https:\/\/steuerteam.de\/wp-content\/uploads\/2022\/04\/Steuerteam_Landsberg_Muenchen.jpg\" class=\"attachment-full size-full wp-image-1445\" alt=\"\" srcset=\"https:\/\/steuerteam.de\/wp-content\/uploads\/2022\/04\/Steuerteam_Landsberg_Muenchen.jpg 1903w, https:\/\/steuerteam.de\/wp-content\/uploads\/2022\/04\/Steuerteam_Landsberg_Muenchen-300x71.jpg 300w, https:\/\/steuerteam.de\/wp-content\/uploads\/2022\/04\/Steuerteam_Landsberg_Muenchen-1024x242.jpg 1024w, https:\/\/steuerteam.de\/wp-content\/uploads\/2022\/04\/Steuerteam_Landsberg_Muenchen-768x182.jpg 768w, https:\/\/steuerteam.de\/wp-content\/uploads\/2022\/04\/Steuerteam_Landsberg_Muenchen-1536x363.jpg 1536w\" sizes=\"(max-width: 1903px) 100vw, 1903px\" \/>\t\t\t\t\t\t\t\t\t\t\t\t\t\t\t<\/div>\n\t\t\t\t<\/div>\n\t\t\t\t\t<\/div>\n\t\t<\/div>\n\t\t\t\t\t<\/div>\n\t\t<\/section>\n\t\t\t\t<section class=\"elementor-section elementor-top-section elementor-element elementor-element-1ac704b elementor-section-boxed elementor-section-height-default elementor-section-height-default\" data-id=\"1ac704b\" data-element_type=\"section\" data-e-type=\"section\">\n\t\t\t\t\t\t<div class=\"elementor-container elementor-column-gap-default\">\n\t\t\t\t\t<div class=\"elementor-column elementor-col-100 elementor-top-column elementor-element elementor-element-cb36013\" data-id=\"cb36013\" data-element_type=\"column\" data-e-type=\"column\">\n\t\t\t<div class=\"elementor-widget-wrap elementor-element-populated\">\n\t\t\t\t\t\t<div class=\"elementor-element elementor-element-4e8777e elementor-widget elementor-widget-heading\" data-id=\"4e8777e\" data-element_type=\"widget\" data-e-type=\"widget\" data-widget_type=\"heading.default\">\n\t\t\t\t<div class=\"elementor-widget-container\">\n\t\t\t\t\t<h1 class=\"elementor-heading-title elementor-size-default\">Herr WP\/StB Dipl.-Kfm. Frank Kabisch hat die Abschlusspr\u00fcfung zum Fachberater <br>f\u00fcr die Umstrukturierung von Unternehmen (IFU\/ISM gGmbH) bestanden.<\/h1>\t\t\t\t<\/div>\n\t\t\t\t<\/div>\n\t\t\t\t<div class=\"elementor-element elementor-element-9ef838e elementor-widget elementor-widget-text-editor\" data-id=\"9ef838e\" data-element_type=\"widget\" data-e-type=\"widget\" data-widget_type=\"text-editor.default\">\n\t\t\t\t<div class=\"elementor-widget-container\">\n\t\t\t\t\t\t\t\t\t<p>Herr WP\/StB Dipl.-Kfm. Frank Kabisch ist im Februar 2021 zus\u00e4tzlich vom IFU-Institut f\u00fcr Unternehmensf\u00fchrung und der International School of Management zum \u201e<b>Fachberater f\u00fcr die Umstrukturierung von Unternehmen (IFU\/ISM gGmbH)<\/b>\u201c bestellt worden.<\/p>\n<p>Die mandatsoptimale Durchf\u00fchrung von Unternehmensumstrukturierungen geh\u00f6rt zu den vielf\u00e4ltigsten und zugleich anspruchsvollsten Aufgaben eines Steuerberaters und Wirtschaftspr\u00fcfers im Rahmen seiner Beratungst\u00e4tigkeit. Unter der wissenschaftlichen Leitung von WP\/StB Prof. Dr. M. Karsten Hoffmann, LLM absolvierte Herr Kabisch einen mehrw\u00f6chigen Lehrgang in diesem T\u00e4tigkeitsfeld. Insbesondere wurden Spezialkenntnisse im Umwandlungsrecht, Umwandlungssteuerrecht, Erbschafts- und Schenkungssteuerrecht, Grunderwerbsteuerrecht und im umstrukturierungsspezifischen Ertragssteuerrecht vermittelt. Der Lernerfolg war in 2 mehrst\u00fcndigen schriftlichen Klausuren nachzuweisen.<\/p>\n<p><b>Herr Kabisch verf\u00fcgt damit \u00fcber das spezielle steuerrechtliche Know-How um f\u00fcr jeden Mandanten und jeden Anlass die passgenaue Rechtsform und Unternehmensstruktur zu gestalten.<\/b><\/p>\t\t\t\t\t\t\t\t<\/div>\n\t\t\t\t<\/div>\n\t\t\t\t\t<\/div>\n\t\t<\/div>\n\t\t\t\t\t<\/div>\n\t\t<\/section>\n\t\t\t\t<\/div>\n\t\t","protected":false},"excerpt":{"rendered":"<p>Herr WP\/StB Dipl.-Kfm. Frank Kabisch hat die Abschlusspr\u00fcfung zum Fachberater f\u00fcr die Umstrukturierung von Unternehmen (IFU\/ISM gGmbH) bestanden. Herr WP\/StB Dipl.-Kfm. Frank Kabisch ist im Februar 2021 zus\u00e4tzlich vom IFU-Institut f\u00fcr Unternehmensf\u00fchrung und der International School of Management zum \u201eFachberater f\u00fcr die Umstrukturierung von Unternehmen (IFU\/ISM gGmbH)\u201c bestellt worden. Die mandatsoptimale Durchf\u00fchrung von Unternehmensumstrukturierungen geh\u00f6rt [&hellip;]<\/p>\n","protected":false},"author":3,"featured_media":0,"parent":1668,"menu_order":1,"comment_status":"closed","ping_status":"closed","template":"elementor_header_footer","meta":{"footnotes":""},"class_list":["post-1678","page","type-page","status-publish","hentry"],"yoast_head":"<!-- This site is optimized with the Yoast SEO plugin v27.4 - https:\/\/yoast.com\/product\/yoast-seo-wordpress\/ -->\n<title>Fachberater zur Umstrukturierung von Unternehmen im Steuerteam<\/title>\n<meta name=\"description\" content=\"Herr WP\/StB Dipl.-Kfm. Frank Kabisch ist im Februar 2021zum \u201eFachberater f\u00fcr die Umstrukturierung von Unternehmen (IFU\/ISM gGmbH)\u201c bestellt worden.\" \/>\n<meta name=\"robots\" content=\"index, follow, max-snippet:-1, max-image-preview:large, max-video-preview:-1\" \/>\n<link rel=\"canonical\" href=\"https:\/\/steuerteam.de\/en\/latest-news\/fachberater-zur-umstrukturierung-von-unternehmen\" \/>\n<meta property=\"og:locale\" content=\"en_US\" \/>\n<meta property=\"og:type\" content=\"article\" \/>\n<meta property=\"og:title\" content=\"Fachberater zur Umstrukturierung von Unternehmen im Steuerteam\" \/>\n<meta property=\"og:description\" content=\"Herr WP\/StB Dipl.-Kfm. Frank Kabisch ist im Februar 2021zum \u201eFachberater f\u00fcr die Umstrukturierung von Unternehmen (IFU\/ISM gGmbH)\u201c bestellt worden.\" \/>\n<meta property=\"og:url\" content=\"https:\/\/steuerteam.de\/en\/latest-news\/fachberater-zur-umstrukturierung-von-unternehmen\" \/>\n<meta property=\"og:site_name\" content=\"Steuerteam\" \/>\n<meta property=\"article:modified_time\" content=\"2022-05-19T09:32:38+00:00\" \/>\n<meta property=\"og:image\" content=\"https:\/\/steuerteam.de\/wp-content\/uploads\/2022\/04\/Steuerteam_Landsberg_Muenchen.jpg\" \/>\n<meta name=\"twitter:card\" content=\"summary_large_image\" \/>\n<meta name=\"twitter:label1\" content=\"Est. reading time\" \/>\n\t<meta name=\"twitter:data1\" content=\"1 minute\" \/>\n<script type=\"application\/ld+json\" class=\"yoast-schema-graph\">{\"@context\":\"https:\\\/\\\/schema.org\",\"@graph\":[{\"@type\":\"WebPage\",\"@id\":\"https:\\\/\\\/steuerteam.de\\\/en\\\/latest-news\\\/fachberater-zur-umstrukturierung-von-unternehmen\",\"url\":\"https:\\\/\\\/steuerteam.de\\\/en\\\/latest-news\\\/fachberater-zur-umstrukturierung-von-unternehmen\",\"name\":\"Fachberater zur Umstrukturierung von Unternehmen im Steuerteam\",\"isPartOf\":{\"@id\":\"https:\\\/\\\/steuerteam.de\\\/en#website\"},\"primaryImageOfPage\":{\"@id\":\"https:\\\/\\\/steuerteam.de\\\/en\\\/latest-news\\\/fachberater-zur-umstrukturierung-von-unternehmen#primaryimage\"},\"image\":{\"@id\":\"https:\\\/\\\/steuerteam.de\\\/en\\\/latest-news\\\/fachberater-zur-umstrukturierung-von-unternehmen#primaryimage\"},\"thumbnailUrl\":\"https:\\\/\\\/steuerteam.de\\\/wp-content\\\/uploads\\\/2022\\\/04\\\/Steuerteam_Landsberg_Muenchen.jpg\",\"datePublished\":\"2022-04-03T07:28:30+00:00\",\"dateModified\":\"2022-05-19T09:32:38+00:00\",\"description\":\"Herr WP\\\/StB Dipl.-Kfm. Frank Kabisch ist im Februar 2021zum \u201eFachberater f\u00fcr die Umstrukturierung von Unternehmen (IFU\\\/ISM gGmbH)\u201c bestellt worden.\",\"breadcrumb\":{\"@id\":\"https:\\\/\\\/steuerteam.de\\\/en\\\/latest-news\\\/fachberater-zur-umstrukturierung-von-unternehmen#breadcrumb\"},\"inLanguage\":\"en-US\",\"potentialAction\":[{\"@type\":\"ReadAction\",\"target\":[\"https:\\\/\\\/steuerteam.de\\\/en\\\/latest-news\\\/fachberater-zur-umstrukturierung-von-unternehmen\"]}]},{\"@type\":\"ImageObject\",\"inLanguage\":\"en-US\",\"@id\":\"https:\\\/\\\/steuerteam.de\\\/en\\\/latest-news\\\/fachberater-zur-umstrukturierung-von-unternehmen#primaryimage\",\"url\":\"https:\\\/\\\/steuerteam.de\\\/wp-content\\\/uploads\\\/2022\\\/04\\\/Steuerteam_Landsberg_Muenchen.jpg\",\"contentUrl\":\"https:\\\/\\\/steuerteam.de\\\/wp-content\\\/uploads\\\/2022\\\/04\\\/Steuerteam_Landsberg_Muenchen.jpg\"},{\"@type\":\"BreadcrumbList\",\"@id\":\"https:\\\/\\\/steuerteam.de\\\/en\\\/latest-news\\\/fachberater-zur-umstrukturierung-von-unternehmen#breadcrumb\",\"itemListElement\":[{\"@type\":\"ListItem\",\"position\":1,\"name\":\"Startseite\",\"item\":\"https:\\\/\\\/steuerteam.de\\\/en\"},{\"@type\":\"ListItem\",\"position\":2,\"name\":\"latest-news\",\"item\":\"https:\\\/\\\/steuerteam.de\\\/en\\\/latest-news\"},{\"@type\":\"ListItem\",\"position\":3,\"name\":\"Fachberater zur Umstrukturierung von Unternehmen\"}]},{\"@type\":\"WebSite\",\"@id\":\"https:\\\/\\\/steuerteam.de\\\/en#website\",\"url\":\"https:\\\/\\\/steuerteam.de\\\/en\",\"name\":\"Steuerteam\",\"description\":\"Steuerteam.de puts clients at the centre. We offer all classic tax advisor services (also digital) and cover other special areas. \",\"publisher\":{\"@id\":\"https:\\\/\\\/steuerteam.de\\\/en#organization\"},\"potentialAction\":[{\"@type\":\"SearchAction\",\"target\":{\"@type\":\"EntryPoint\",\"urlTemplate\":\"https:\\\/\\\/steuerteam.de\\\/en?s={search_term_string}\"},\"query-input\":{\"@type\":\"PropertyValueSpecification\",\"valueRequired\":true,\"valueName\":\"search_term_string\"}}],\"inLanguage\":\"en-US\"},{\"@type\":\"Organization\",\"@id\":\"https:\\\/\\\/steuerteam.de\\\/en#organization\",\"name\":\"Steuerteam Landsberg M\u00fcnchen\",\"url\":\"https:\\\/\\\/steuerteam.de\\\/en\",\"logo\":{\"@type\":\"ImageObject\",\"inLanguage\":\"en-US\",\"@id\":\"https:\\\/\\\/steuerteam.de\\\/en#\\\/schema\\\/logo\\\/image\\\/\",\"url\":\"https:\\\/\\\/steuerteam.de\\\/wp-content\\\/uploads\\\/2022\\\/04\\\/Steuerteam_Logo_Original-1.png\",\"contentUrl\":\"https:\\\/\\\/steuerteam.de\\\/wp-content\\\/uploads\\\/2022\\\/04\\\/Steuerteam_Logo_Original-1.png\",\"width\":400,\"height\":234,\"caption\":\"Steuerteam Landsberg M\u00fcnchen\"},\"image\":{\"@id\":\"https:\\\/\\\/steuerteam.de\\\/en#\\\/schema\\\/logo\\\/image\\\/\"}}]}<\/script>\n<!-- \/ Yoast SEO plugin. -->","yoast_head_json":{"title":"Fachberater zur Umstrukturierung von Unternehmen im Steuerteam","description":"Herr WP\/StB Dipl.-Kfm. Frank Kabisch ist im Februar 2021zum \u201eFachberater f\u00fcr die Umstrukturierung von Unternehmen (IFU\/ISM gGmbH)\u201c bestellt worden.","robots":{"index":"index","follow":"follow","max-snippet":"max-snippet:-1","max-image-preview":"max-image-preview:large","max-video-preview":"max-video-preview:-1"},"canonical":"https:\/\/steuerteam.de\/en\/latest-news\/fachberater-zur-umstrukturierung-von-unternehmen","og_locale":"en_US","og_type":"article","og_title":"Fachberater zur Umstrukturierung von Unternehmen im Steuerteam","og_description":"Herr WP\/StB Dipl.-Kfm. Frank Kabisch ist im Februar 2021zum \u201eFachberater f\u00fcr die Umstrukturierung von Unternehmen (IFU\/ISM gGmbH)\u201c bestellt worden.","og_url":"https:\/\/steuerteam.de\/en\/latest-news\/fachberater-zur-umstrukturierung-von-unternehmen","og_site_name":"Steuerteam","article_modified_time":"2022-05-19T09:32:38+00:00","og_image":[{"url":"https:\/\/steuerteam.de\/wp-content\/uploads\/2022\/04\/Steuerteam_Landsberg_Muenchen.jpg","type":"","width":"","height":""}],"twitter_card":"summary_large_image","twitter_misc":{"Est. reading time":"1 minute"},"schema":{"@context":"https:\/\/schema.org","@graph":[{"@type":"WebPage","@id":"https:\/\/steuerteam.de\/en\/latest-news\/fachberater-zur-umstrukturierung-von-unternehmen","url":"https:\/\/steuerteam.de\/en\/latest-news\/fachberater-zur-umstrukturierung-von-unternehmen","name":"Fachberater zur Umstrukturierung von Unternehmen im Steuerteam","isPartOf":{"@id":"https:\/\/steuerteam.de\/en#website"},"primaryImageOfPage":{"@id":"https:\/\/steuerteam.de\/en\/latest-news\/fachberater-zur-umstrukturierung-von-unternehmen#primaryimage"},"image":{"@id":"https:\/\/steuerteam.de\/en\/latest-news\/fachberater-zur-umstrukturierung-von-unternehmen#primaryimage"},"thumbnailUrl":"https:\/\/steuerteam.de\/wp-content\/uploads\/2022\/04\/Steuerteam_Landsberg_Muenchen.jpg","datePublished":"2022-04-03T07:28:30+00:00","dateModified":"2022-05-19T09:32:38+00:00","description":"Herr WP\/StB Dipl.-Kfm. Frank Kabisch ist im Februar 2021zum \u201eFachberater f\u00fcr die Umstrukturierung von Unternehmen (IFU\/ISM gGmbH)\u201c bestellt worden.","breadcrumb":{"@id":"https:\/\/steuerteam.de\/en\/latest-news\/fachberater-zur-umstrukturierung-von-unternehmen#breadcrumb"},"inLanguage":"en-US","potentialAction":[{"@type":"ReadAction","target":["https:\/\/steuerteam.de\/en\/latest-news\/fachberater-zur-umstrukturierung-von-unternehmen"]}]},{"@type":"ImageObject","inLanguage":"en-US","@id":"https:\/\/steuerteam.de\/en\/latest-news\/fachberater-zur-umstrukturierung-von-unternehmen#primaryimage","url":"https:\/\/steuerteam.de\/wp-content\/uploads\/2022\/04\/Steuerteam_Landsberg_Muenchen.jpg","contentUrl":"https:\/\/steuerteam.de\/wp-content\/uploads\/2022\/04\/Steuerteam_Landsberg_Muenchen.jpg"},{"@type":"BreadcrumbList","@id":"https:\/\/steuerteam.de\/en\/latest-news\/fachberater-zur-umstrukturierung-von-unternehmen#breadcrumb","itemListElement":[{"@type":"ListItem","position":1,"name":"Startseite","item":"https:\/\/steuerteam.de\/en"},{"@type":"ListItem","position":2,"name":"latest-news","item":"https:\/\/steuerteam.de\/en\/latest-news"},{"@type":"ListItem","position":3,"name":"Fachberater zur Umstrukturierung von Unternehmen"}]},{"@type":"WebSite","@id":"https:\/\/steuerteam.de\/en#website","url":"https:\/\/steuerteam.de\/en","name":"Steuerteam","description":"Steuerteam.de puts clients at the centre. We offer all classic tax advisor services (also digital) and cover other special areas. ","publisher":{"@id":"https:\/\/steuerteam.de\/en#organization"},"potentialAction":[{"@type":"SearchAction","target":{"@type":"EntryPoint","urlTemplate":"https:\/\/steuerteam.de\/en?s={search_term_string}"},"query-input":{"@type":"PropertyValueSpecification","valueRequired":true,"valueName":"search_term_string"}}],"inLanguage":"en-US"},{"@type":"Organization","@id":"https:\/\/steuerteam.de\/en#organization","name":"Steuerteam Landsberg M\u00fcnchen","url":"https:\/\/steuerteam.de\/en","logo":{"@type":"ImageObject","inLanguage":"en-US","@id":"https:\/\/steuerteam.de\/en#\/schema\/logo\/image\/","url":"https:\/\/steuerteam.de\/wp-content\/uploads\/2022\/04\/Steuerteam_Logo_Original-1.png","contentUrl":"https:\/\/steuerteam.de\/wp-content\/uploads\/2022\/04\/Steuerteam_Logo_Original-1.png","width":400,"height":234,"caption":"Steuerteam Landsberg M\u00fcnchen"},"image":{"@id":"https:\/\/steuerteam.de\/en#\/schema\/logo\/image\/"}}]}},"_links":{"self":[{"href":"https:\/\/steuerteam.de\/en\/wp-json\/wp\/v2\/pages\/1678","targetHints":{"allow":["GET"]}}],"collection":[{"href":"https:\/\/steuerteam.de\/en\/wp-json\/wp\/v2\/pages"}],"about":[{"href":"https:\/\/steuerteam.de\/en\/wp-json\/wp\/v2\/types\/page"}],"author":[{"embeddable":true,"href":"https:\/\/steuerteam.de\/en\/wp-json\/wp\/v2\/users\/3"}],"replies":[{"embeddable":true,"href":"https:\/\/steuerteam.de\/en\/wp-json\/wp\/v2\/comments?post=1678"}],"version-history":[{"count":1,"href":"https:\/\/steuerteam.de\/en\/wp-json\/wp\/v2\/pages\/1678\/revisions"}],"predecessor-version":[{"id":1679,"href":"https:\/\/steuerteam.de\/en\/wp-json\/wp\/v2\/pages\/1678\/revisions\/1679"}],"up":[{"embeddable":true,"href":"https:\/\/steuerteam.de\/en\/wp-json\/wp\/v2\/pages\/1668"}],"wp:attachment":[{"href":"https:\/\/steuerteam.de\/en\/wp-json\/wp\/v2\/media?parent=1678"}],"curies":[{"name":"wp","href":"https:\/\/api.w.org\/{rel}","templated":true}]}}